{"id":115,"date":"2019-07-15T09:40:04","date_gmt":"2019-07-15T09:40:04","guid":{"rendered":"https:\/\/imerge.pt\/?page_id=115"},"modified":"2021-03-02T09:30:32","modified_gmt":"2021-03-02T09:30:32","slug":"ambiente-ar","status":"publish","type":"page","link":"https:\/\/imerge.pt\/?page_id=115","title":{"rendered":"Ambiente (\u00c1gua)"},"content":{"rendered":"<!-- wp:themify-builder\/canvas \/--><!--themify_builder_static--><h1 style=\"text-align: center;\">Obras Ambiente (\u00c1gua)<\/h1>\n<p><u><b><i>Instala\u00e7\u00e3o el\u00e9ctrica em sistemas de tratamento\u00a0<\/i><\/b><\/u><\/p> <p><u><b><i>\u00e1gua limpa e residual (<\/i><\/b><\/u><u><b><i>ETAR`s<\/i><\/b><\/u><u><b><i>, <\/i><\/b><\/u><u><b><i>ETA`s<\/i><\/b><\/u><u><b><i>, <\/i><\/b><\/u><u><b><i>EE`s<\/i><\/b><\/u><u><b><i>)<\/i><\/b><\/u><\/p> <p><i>Postos de Transforma\u00e7\u00e3o, Instala\u00e7\u00f5es de For\u00e7a e Comando, Rede de Terras, Ilumina\u00e7\u00e3o Interior e Exterior, Tomadas, Protec\u00e7\u00e3o contra descargas atmosf\u00e9ricas, Rede estruturada, UP<\/i><\/p> <p><i>S, Sistema de CCTV e Videoporteiro, Sistema de Detec\u00e7\u00e3o de Inc\u00eandios e Intrus\u00e3o, Sistema de Automa\u00e7\u00e3o, etc.<\/i><\/p> <p>\u00a0<\/p> <ul> <li>ETAR de Almargem &#8211; Acciona<\/li> <li>ETAR de Lagoa \u2013 Acciona<\/li> <li>ETA do Pinh\u00e3o \u2013 Acciona<\/li> <li>ETA de Balsem\u00e3o \u2013 Acciona<\/li> <li>ETA de Lapela \u2013 Acciona<\/li> <li>ETAR do Barreiro \u2013 Efacec<\/li> <li>Sistema de Abastecimento de \u00e1gua de Queimadela \u2013 Fafe \u2013 Sitel, SA<\/li> <li>Automatiza\u00e7\u00e3o dos Reservat\u00f3rios e EE&#8217;s de \u00c2ncora e Vilar de Mouros \u2013 Instala\u00e7\u00e3o de Caudal\u00edmetros, Telegest\u00e3o via GSM. \u2013 \u00c1guas do Minho e Lima \u00a0\u00a0\u00a0<\/li> <li>Remodela\u00e7\u00e3o da Esta\u00e7\u00e3o Elevat\u00f3ria de Burg\u00e3es \u2013 \u00c1guas do C\u00e1vado<\/li> <li>Remodela\u00e7\u00e3o do Reservat\u00f3rio de Vair\u00e3o \u2013 \u00c1guas do Noroeste<\/li> <li>Ponte Hintze Ribeiro \u2013 Instala\u00e7\u00f5es el\u00e9ctricas das c\u00e2maras de manobra da v\u00e1lvula de controlo da margem Norte e Sul do Rio Douro. Quadros el\u00e9ctricos, automa\u00e7\u00e3o, Ilumina\u00e7\u00e3o Interior e Exterior, Tomadas, UPS, montagem de esteira para a passagem de fibra \u00f3tica entre c\u00e2maras de manobra. \u2013 ENDEL\u00a0<\/li> <li>Sistema de Telegest\u00e3o das \u00c1guas do Douro e Paiva \u2013 Fornecimento, montagem e instala\u00e7\u00e3o el\u00e9trica dos quadros de comando e automa\u00e7\u00e3o nos reservat\u00f3rios, EE&#8217;s e pontos de entrega e sistema adutor. \u00a0\u2013 Efacec Engenharia S.A.<\/li> <\/ul><!--\/themify_builder_static-->","protected":false},"excerpt":{"rendered":"<p>Obras Ambiente (\u00c1gua) Instala\u00e7\u00e3o el\u00e9ctrica em sistemas de tratamento\u00a0 \u00e1gua limpa e residual (ETAR`s, ETA`s, EE`s) Postos de Transforma\u00e7\u00e3o, Instala\u00e7\u00f5es de For\u00e7a e Comando, Rede de Terras, Ilumina\u00e7\u00e3o Interior e Exterior, Tomadas, Protec\u00e7\u00e3o contra descargas atmosf\u00e9ricas, Rede estruturada, UP S, Sistema de CCTV e Videoporteiro, Sistema de Detec\u00e7\u00e3o de Inc\u00eandios e Intrus\u00e3o, Sistema de Automa\u00e7\u00e3o, [&hellip;]<\/p>\n","protected":false},"author":1,"featured_media":0,"parent":0,"menu_order":0,"comment_status":"closed","ping_status":"closed","template":"","meta":[],"builder_content":"<h1 style=\"text-align: center;\">Obras Ambiente (\u00c1gua)<\/h1>\n<p><u><b><i>Instala\u00e7\u00e3o el\u00e9ctrica em sistemas de tratamento\u00a0<\/i><\/b><\/u><\/p> <p><u><b><i>\u00e1gua limpa e residual (<\/i><\/b><\/u><u><b><i>ETAR`s<\/i><\/b><\/u><u><b><i>, <\/i><\/b><\/u><u><b><i>ETA`s<\/i><\/b><\/u><u><b><i>, <\/i><\/b><\/u><u><b><i>EE`s<\/i><\/b><\/u><u><b><i>)<\/i><\/b><\/u><\/p> <p><i>Postos de Transforma\u00e7\u00e3o, Instala\u00e7\u00f5es de For\u00e7a e Comando, Rede de Terras, Ilumina\u00e7\u00e3o Interior e Exterior, Tomadas, Protec\u00e7\u00e3o contra descargas atmosf\u00e9ricas, Rede estruturada, UP<\/i><\/p> <p><i>S, Sistema de CCTV e Videoporteiro, Sistema de Detec\u00e7\u00e3o de Inc\u00eandios e Intrus\u00e3o, Sistema de Automa\u00e7\u00e3o, etc.<\/i><\/p> <p>\u00a0<\/p> <ul> <li>ETAR de Almargem - Acciona<\/li> <li>ETAR de Lagoa \u2013 Acciona<\/li> <li>ETA do Pinh\u00e3o \u2013 Acciona<\/li> <li>ETA de Balsem\u00e3o \u2013 Acciona<\/li> <li>ETA de Lapela \u2013 Acciona<\/li> <li>ETAR do Barreiro \u2013 Efacec<\/li> <li>Sistema de Abastecimento de \u00e1gua de Queimadela \u2013 Fafe \u2013 Sitel, SA<\/li> <li>Automatiza\u00e7\u00e3o dos Reservat\u00f3rios e EE's de \u00c2ncora e Vilar de Mouros \u2013 Instala\u00e7\u00e3o de Caudal\u00edmetros, Telegest\u00e3o via GSM. \u2013 \u00c1guas do Minho e Lima \u00a0\u00a0\u00a0<\/li> <li>Remodela\u00e7\u00e3o da Esta\u00e7\u00e3o Elevat\u00f3ria de Burg\u00e3es \u2013 \u00c1guas do C\u00e1vado<\/li> <li>Remodela\u00e7\u00e3o do Reservat\u00f3rio de Vair\u00e3o \u2013 \u00c1guas do Noroeste<\/li> <li>Ponte Hintze Ribeiro \u2013 Instala\u00e7\u00f5es el\u00e9ctricas das c\u00e2maras de manobra da v\u00e1lvula de controlo da margem Norte e Sul do Rio Douro. Quadros el\u00e9ctricos, automa\u00e7\u00e3o, Ilumina\u00e7\u00e3o Interior e Exterior, Tomadas, UPS, montagem de esteira para a passagem de fibra \u00f3tica entre c\u00e2maras de manobra. \u2013 ENDEL\u00a0<\/li> <li>Sistema de Telegest\u00e3o das \u00c1guas do Douro e Paiva \u2013 Fornecimento, montagem e instala\u00e7\u00e3o el\u00e9trica dos quadros de comando e automa\u00e7\u00e3o nos reservat\u00f3rios, EE's e pontos de entrega e sistema adutor. \u00a0\u2013 Efacec Engenharia S.A.<\/li> <\/ul>","_links":{"self":[{"href":"https:\/\/imerge.pt\/index.php?rest_route=\/wp\/v2\/pages\/115"}],"collection":[{"href":"https:\/\/imerge.pt\/index.php?rest_route=\/wp\/v2\/pages"}],"about":[{"href":"https:\/\/imerge.pt\/index.php?rest_route=\/wp\/v2\/types\/page"}],"author":[{"embeddable":true,"href":"https:\/\/imerge.pt\/index.php?rest_route=\/wp\/v2\/users\/1"}],"replies":[{"embeddable":true,"href":"https:\/\/imerge.pt\/index.php?rest_route=%2Fwp%2Fv2%2Fcomments&post=115"}],"version-history":[{"count":38,"href":"https:\/\/imerge.pt\/index.php?rest_route=\/wp\/v2\/pages\/115\/revisions"}],"predecessor-version":[{"id":553,"href":"https:\/\/imerge.pt\/index.php?rest_route=\/wp\/v2\/pages\/115\/revisions\/553"}],"wp:attachment":[{"href":"https:\/\/imerge.pt\/index.php?rest_route=%2Fwp%2Fv2%2Fmedia&parent=115"}],"curies":[{"name":"wp","href":"https:\/\/api.w.org\/{rel}","templated":true}]}}