{"id":199,"date":"2019-07-15T16:11:26","date_gmt":"2019-07-15T16:11:26","guid":{"rendered":"https:\/\/imerge.pt\/?page_id=199"},"modified":"2021-01-22T10:01:54","modified_gmt":"2021-01-22T10:01:54","slug":"quadros-tecnicos","status":"publish","type":"page","link":"https:\/\/imerge.pt\/?page_id=199","title":{"rendered":"Quadros T\u00e9cnicos"},"content":{"rendered":"<!-- wp:themify-builder\/canvas \/--><!--themify_builder_static--><h1 style=\"text-align: center;\">Quadros El\u00e9tricos<\/h1>\n<h2 style=\"text-align: center;\">Projeto e Montagem de Quadros El\u00e9tricos<\/h2> <ul> <li>Quadros El\u00e9tricos de Pot\u00eancia, Comando e Controlo<\/li> <li>Quadros El\u00e9tricos de Gest\u00e3o T\u00e9cnica Centralizada<\/li> <li>Quadros El\u00e9tricos de Distribui\u00e7\u00e3o<\/li> <\/ul> <h2 style=\"text-align: center;\">Obras de Refer\u00eancia<\/h2> <ul> <li>Hospital Sanat\u00f3rio de Luanda &#8211; Setesys<\/li> <li>Direction D\u00e9partementale des Finances Publiques (DDFIP) de Bobigny &#8211; RamosFerreira<\/li> <li>World of Wine (WoW) &#8211; Setesys<\/li> <li>Bellas Shopping Luanda &#8211; Setesys<\/li> <li>Col\u00e9gio Efanor &#8211; L\u00facios SA<\/li> <li>ETAR de Almargem- Acciona<\/li> <li>ETAR de Lagoa &#8211; Acciona<\/li> <li>ETA do Pinh\u00e3o &#8211; Acciona<\/li> <li>ETA de Balsem\u00e3o &#8211; Acciona<\/li> <li>ETA de Lapela &#8211; Acciona<\/li> <li>ETAR do Barreiro &#8211; Efacec<\/li> <li>Est\u00e1dio Alvalade XXI &#8211; Efacec Ambiente S.A<\/li> <li>Centro Comercial IKEA (Marshopping) &#8211; Dom\u00f3tica SGTA<\/li> <li>Campus da Justi\u00e7a Parque Expo &#8211; Efacec Engenharia e Sistemas S.A<\/li> <li>Hospital da C\u00e2mara de Lisboa &#8211; Efacec Ambiente S.A<\/li> <li>Metro do Porto &#8211; Efacec Ambiente S.A<\/li> <li>Sistema de Telegest\u00e3o das \u00c1guas do Douro e Paiva &#8211; Efacec Engenharia e Sistemas S.A<\/li> <li>Centro Comercial LouresShopping &#8211; Sistavac S.A<\/li> <\/ul>\n<div id='gallery-1' class='gallery galleryid-199 gallery-columns-3 gallery-size-thumbnail'><figure class='gallery-item'>\n\t\t\t<div class='gallery-icon portrait'>\n\t\t\t\t<a href='https:\/\/imerge.pt\/?attachment_id=518'><img width=\"150\" height=\"150\" src=\"https:\/\/imerge.pt\/wp-content\/uploads\/2021\/01\/DSC03686-150x150.jpg\" class=\"attachment-thumbnail size-thumbnail\" alt=\"\" loading=\"lazy\" \/><\/a>\n\t\t\t<\/div><\/figure><figure class='gallery-item'>\n\t\t\t<div class='gallery-icon portrait'>\n\t\t\t\t<a href='https:\/\/imerge.pt\/?attachment_id=519'><img width=\"150\" height=\"150\" src=\"https:\/\/imerge.pt\/wp-content\/uploads\/2021\/01\/IMG_6188-150x150.jpg\" class=\"attachment-thumbnail size-thumbnail\" alt=\"\" loading=\"lazy\" \/><\/a>\n\t\t\t<\/div><\/figure><figure class='gallery-item'>\n\t\t\t<div class='gallery-icon portrait'>\n\t\t\t\t<a href='https:\/\/imerge.pt\/?attachment_id=520'><img width=\"150\" height=\"150\" src=\"https:\/\/imerge.pt\/wp-content\/uploads\/2021\/01\/TD-CVC-R7.1_3-150x150.jpg\" class=\"attachment-thumbnail size-thumbnail\" alt=\"\" loading=\"lazy\" \/><\/a>\n\t\t\t<\/div><\/figure><figure class='gallery-item'>\n\t\t\t<div class='gallery-icon portrait'>\n\t\t\t\t<a href='https:\/\/imerge.pt\/?attachment_id=521'><img width=\"150\" height=\"150\" src=\"https:\/\/imerge.pt\/wp-content\/uploads\/2021\/01\/TD-CVC-S1.1_11-150x150.jpg\" class=\"attachment-thumbnail size-thumbnail\" alt=\"\" loading=\"lazy\" \/><\/a>\n\t\t\t<\/div><\/figure><figure class='gallery-item'>\n\t\t\t<div class='gallery-icon portrait'>\n\t\t\t\t<a href='https:\/\/imerge.pt\/?attachment_id=522'><img width=\"150\" height=\"150\" src=\"https:\/\/imerge.pt\/wp-content\/uploads\/2021\/01\/TD-CVC-S1.1_12-150x150.jpg\" class=\"attachment-thumbnail size-thumbnail\" alt=\"\" loading=\"lazy\" \/><\/a>\n\t\t\t<\/div><\/figure><figure class='gallery-item'>\n\t\t\t<div class='gallery-icon portrait'>\n\t\t\t\t<a href='https:\/\/imerge.pt\/?attachment_id=534'><img width=\"150\" height=\"150\" src=\"https:\/\/imerge.pt\/wp-content\/uploads\/2021\/01\/TD-CVC-R7.2_4-150x150.jpg\" class=\"attachment-thumbnail size-thumbnail\" alt=\"\" loading=\"lazy\" \/><\/a>\n\t\t\t<\/div><\/figure>\n\t\t<\/div>\n<!--\/themify_builder_static-->","protected":false},"excerpt":{"rendered":"<p>Quadros El\u00e9tricos Projeto e Montagem de Quadros El\u00e9tricos Quadros El\u00e9tricos de Pot\u00eancia, Comando e Controlo Quadros El\u00e9tricos de Gest\u00e3o T\u00e9cnica Centralizada Quadros El\u00e9tricos de Distribui\u00e7\u00e3o Obras de Refer\u00eancia Hospital Sanat\u00f3rio de Luanda &#8211; Setesys Direction D\u00e9partementale des Finances Publiques (DDFIP) de Bobigny &#8211; RamosFerreira World of Wine (WoW) &#8211; Setesys Bellas Shopping Luanda &#8211; Setesys [&hellip;]<\/p>\n","protected":false},"author":1,"featured_media":0,"parent":0,"menu_order":0,"comment_status":"closed","ping_status":"closed","template":"","meta":[],"builder_content":"<h1 style=\"text-align: center;\">Quadros El\u00e9tricos<\/h1>\n<h2 style=\"text-align: center;\">Projeto e Montagem de Quadros El\u00e9tricos<\/h2> <ul> <li>Quadros El\u00e9tricos de Pot\u00eancia, Comando e Controlo<\/li> <li>Quadros El\u00e9tricos de Gest\u00e3o T\u00e9cnica Centralizada<\/li> <li>Quadros El\u00e9tricos de Distribui\u00e7\u00e3o<\/li> <\/ul> <h2 style=\"text-align: center;\">Obras de Refer\u00eancia<\/h2> <ul> <li>Hospital Sanat\u00f3rio de Luanda - Setesys<\/li> <li>Direction D\u00e9partementale des Finances Publiques (DDFIP) de Bobigny - RamosFerreira<\/li> <li>World of Wine (WoW) - Setesys<\/li> <li>Bellas Shopping Luanda - Setesys<\/li> <li>Col\u00e9gio Efanor - L\u00facios SA<\/li> <li>ETAR de Almargem- Acciona<\/li> <li>ETAR de Lagoa - Acciona<\/li> <li>ETA do Pinh\u00e3o - Acciona<\/li> <li>ETA de Balsem\u00e3o - Acciona<\/li> <li>ETA de Lapela - Acciona<\/li> <li>ETAR do Barreiro - Efacec<\/li> <li>Est\u00e1dio Alvalade XXI - Efacec Ambiente S.A<\/li> <li>Centro Comercial IKEA (Marshopping) - Dom\u00f3tica SGTA<\/li> <li>Campus da Justi\u00e7a Parque Expo - Efacec Engenharia e Sistemas S.A<\/li> <li>Hospital da C\u00e2mara de Lisboa - Efacec Ambiente S.A<\/li> <li>Metro do Porto - Efacec Ambiente S.A<\/li> <li>Sistema de Telegest\u00e3o das \u00c1guas do Douro e Paiva - Efacec Engenharia e Sistemas S.A<\/li> <li>Centro Comercial LouresShopping - Sistavac S.A<\/li> <\/ul>\n[gallery ids=\"518,519,520,521,522,534\"]","_links":{"self":[{"href":"https:\/\/imerge.pt\/index.php?rest_route=\/wp\/v2\/pages\/199"}],"collection":[{"href":"https:\/\/imerge.pt\/index.php?rest_route=\/wp\/v2\/pages"}],"about":[{"href":"https:\/\/imerge.pt\/index.php?rest_route=\/wp\/v2\/types\/page"}],"author":[{"embeddable":true,"href":"https:\/\/imerge.pt\/index.php?rest_route=\/wp\/v2\/users\/1"}],"replies":[{"embeddable":true,"href":"https:\/\/imerge.pt\/index.php?rest_route=%2Fwp%2Fv2%2Fcomments&post=199"}],"version-history":[{"count":29,"href":"https:\/\/imerge.pt\/index.php?rest_route=\/wp\/v2\/pages\/199\/revisions"}],"predecessor-version":[{"id":535,"href":"https:\/\/imerge.pt\/index.php?rest_route=\/wp\/v2\/pages\/199\/revisions\/535"}],"wp:attachment":[{"href":"https:\/\/imerge.pt\/index.php?rest_route=%2Fwp%2Fv2%2Fmedia&parent=199"}],"curies":[{"name":"wp","href":"https:\/\/api.w.org\/{rel}","templated":true}]}}