{"id":283,"date":"2019-07-16T13:31:07","date_gmt":"2019-07-16T13:31:07","guid":{"rendered":"https:\/\/imerge.pt\/?page_id=283"},"modified":"2021-01-13T10:34:46","modified_gmt":"2021-01-13T10:34:46","slug":"servicos","status":"publish","type":"page","link":"https:\/\/imerge.pt\/?page_id=283","title":{"rendered":"Servi\u00e7os"},"content":{"rendered":"<!-- wp:themify-builder\/canvas \/--><!--themify_builder_static--><h1 style=\"text-align: center;\">Servi\u00e7os<\/h1>\n<svg> <circle r=\"calc(50% - 1px)\" cx=\"50%\" cy=\"50%\" stroke-width=\"2\"\/> <circle r=\"calc(50% - 1px)\" cx=\"50%\" cy=\"50%\" stroke=\"#e31c22\" stroke-width=\"2\" data-progress=\"100\" stroke-dasharray=\"0,10000\"\/> <\/svg> <i><svg><use href=\"#tf-fas-tint\"><\/use><\/svg><\/i> <h3> Ambiente \u2013 Instala\u00e7\u00e3o el\u00e9ctrica em sistemas de tratamento \u00e1gua limpa e residual (ETAR`s, ETA`s, EE`s &#8230;) <\/h3>\n<svg> <circle r=\"calc(50% - 1px)\" cx=\"50%\" cy=\"50%\" stroke-width=\"2\"\/> <circle r=\"calc(50% - 1px)\" cx=\"50%\" cy=\"50%\" stroke=\"#e31c22\" stroke-width=\"2\" data-progress=\"100\" stroke-dasharray=\"0,10000\"\/> <\/svg> <i><svg><use href=\"#tf-fas-wind\"><\/use><\/svg><\/i> <h3> Ambiente \u2013 Instala\u00e7\u00e3o el\u00e9ctrica em sistema de tratamento de ar (Instala\u00e7\u00e3o el\u00e9trica de AVAC) <\/h3>\n<svg> <circle r=\"calc(50% - 1px)\" cx=\"50%\" cy=\"50%\" stroke-width=\"2\"\/> <circle r=\"calc(50% - 1px)\" cx=\"50%\" cy=\"50%\" stroke=\"#e31c22\" stroke-width=\"2\" data-progress=\"100\" stroke-dasharray=\"0,10000\"\/> <\/svg> <i><svg><use href=\"#tf-fas-luggage-cart\"><\/use><\/svg><\/i> <h3> Sistemas de Tratamento de Bagagens <\/h3>\n<svg> <circle r=\"calc(50% - 1px)\" cx=\"50%\" cy=\"50%\" stroke-width=\"2\"\/> <circle r=\"calc(50% - 1px)\" cx=\"50%\" cy=\"50%\" stroke=\"#e31c22\" stroke-width=\"2\" data-progress=\"100\" stroke-dasharray=\"0,10000\"\/> <\/svg> <i><svg><use href=\"#tf-fas-industry\"><\/use><\/svg><\/i> <h3> Sistemas Log\u00edsticos e Armaz\u00e9ns Autom\u00e1ticos <\/h3>\n<svg> <circle r=\"calc(50% - 1px)\" cx=\"50%\" cy=\"50%\" stroke-width=\"2\"\/> <circle r=\"calc(50% - 1px)\" cx=\"50%\" cy=\"50%\" stroke=\"#e31c22\" stroke-width=\"2\" data-progress=\"100\" stroke-dasharray=\"0,10000\"\/> <\/svg> <i><svg><use href=\"#tf-ti-panel\"><\/use><\/svg><\/i> <h3> Projeto e Montagem de Quadros el\u00e9ctricos (Pot\u00eancia, Comando e Controlo) <\/h3>\n<svg> <circle r=\"calc(50% - 1px)\" cx=\"50%\" cy=\"50%\" stroke-width=\"2\"\/> <circle r=\"calc(50% - 1px)\" cx=\"50%\" cy=\"50%\" stroke=\"#e31c22\" stroke-width=\"2\" data-progress=\"100\" stroke-dasharray=\"0,10000\"\/> <\/svg> <i><svg><use href=\"#tf-fas-bolt\"><\/use><\/svg><\/i> <h3> Eletricidade Geral <\/h3>\n<svg> <circle r=\"calc(50% - 1px)\" cx=\"50%\" cy=\"50%\" stroke-width=\"2\"\/> <circle r=\"calc(50% - 1px)\" cx=\"50%\" cy=\"50%\" stroke=\"#e31c22\" stroke-width=\"2\" data-progress=\"100\" stroke-dasharray=\"0,10000\"\/> <\/svg> <i><svg><use href=\"#tf-fas-charging-station\"><\/use><\/svg><\/i> <h3> Eletricidade Industrial <\/h3>\n<svg> <circle r=\"calc(50% - 1px)\" cx=\"50%\" cy=\"50%\" stroke-width=\"2\"\/> <circle r=\"calc(50% - 1px)\" cx=\"50%\" cy=\"50%\" stroke=\"#e31c22\" stroke-width=\"2\" data-progress=\"100\" stroke-dasharray=\"0,10000\"\/> <\/svg> <i><svg><use href=\"#tf-ti-panel\"><\/use><\/svg><\/i> <h3> Fabrico de Quadros El\u00e9ctricos <\/h3>\n<svg> <circle r=\"calc(50% - 1px)\" cx=\"50%\" cy=\"50%\" stroke-width=\"2\"\/> <circle r=\"calc(50% - 1px)\" cx=\"50%\" cy=\"50%\" stroke=\"#e31c22\" stroke-width=\"2\" data-progress=\"100\" stroke-dasharray=\"0,10000\"\/> <\/svg> <i><svg><use href=\"#tf-fas-plug\"><\/use><\/svg><\/i> <h3> Infraestruturas de distribui\u00e7\u00e3o de energia el\u00e9trica <\/h3>\n<svg> <circle r=\"calc(50% - 1px)\" cx=\"50%\" cy=\"50%\" stroke-width=\"2\"\/> <circle r=\"calc(50% - 1px)\" cx=\"50%\" cy=\"50%\" stroke=\"#e31c22\" stroke-width=\"2\" data-progress=\"100\" stroke-dasharray=\"0,10000\"\/> <\/svg> <i><svg><use href=\"#tf-fas-solar-panel\"><\/use><\/svg><\/i> <h3> Pain\u00e9is Solares Fotovoltaicos (Microgera\u00e7\u00e3o) <\/h3>\n<svg> <circle r=\"calc(50% - 1px)\" cx=\"50%\" cy=\"50%\" stroke-width=\"2\"\/> <circle r=\"calc(50% - 1px)\" cx=\"50%\" cy=\"50%\" stroke=\"#e31c22\" stroke-width=\"2\" data-progress=\"100\" stroke-dasharray=\"0,10000\"\/> <\/svg> <i><svg><use href=\"#tf-fas-exchange-alt\"><\/use><\/svg><\/i> <h3> Vias de Comunica\u00e7\u00e3o <\/h3>\n<svg> <circle r=\"calc(50% - 1px)\" cx=\"50%\" cy=\"50%\" stroke-width=\"2\"\/> <circle r=\"calc(50% - 1px)\" cx=\"50%\" cy=\"50%\" stroke=\"#e31c22\" stroke-width=\"2\" data-progress=\"100\" stroke-dasharray=\"0,10000\"\/> <\/svg> <i><svg><use href=\"#tf-fas-house-damage\"><\/use><\/svg><\/i> <h3> Comercializa\u00e7\u00e3o de material El\u00e9ctrico <\/h3><!--\/themify_builder_static-->","protected":false},"excerpt":{"rendered":"<p>Servi\u00e7os Ambiente \u2013 Instala\u00e7\u00e3o el\u00e9ctrica em sistemas de tratamento \u00e1gua limpa e residual (ETAR`s, ETA`s, EE`s &#8230;) Ambiente \u2013 Instala\u00e7\u00e3o el\u00e9ctrica em sistema de tratamento de ar (Instala\u00e7\u00e3o el\u00e9trica de AVAC) Sistemas de Tratamento de Bagagens Sistemas Log\u00edsticos e Armaz\u00e9ns Autom\u00e1ticos Projeto e Montagem de Quadros el\u00e9ctricos (Pot\u00eancia, Comando e Controlo) Eletricidade Geral Eletricidade Industrial [&hellip;]<\/p>\n","protected":false},"author":1,"featured_media":0,"parent":0,"menu_order":0,"comment_status":"closed","ping_status":"closed","template":"","meta":[],"builder_content":"<h1 style=\"text-align: center;\">Servi\u00e7os<\/h1>\n<svg> <circle r=\"calc(50% - 1px)\" cx=\"50%\" cy=\"50%\" stroke-width=\"2\"\/> <circle r=\"calc(50% - 1px)\" cx=\"50%\" cy=\"50%\" stroke=\"#e31c22\" stroke-width=\"2\" data-progress=\"100\" stroke-dasharray=\"0,10000\"\/> <\/svg> <i><svg><use href=\"#tf-fas-tint\"><\/use><\/svg><\/i> <h3> Ambiente \u2013 Instala\u00e7\u00e3o el\u00e9ctrica em sistemas de tratamento \u00e1gua limpa e residual (ETAR`s, ETA`s, EE`s ...) <\/h3>\n<svg> <circle r=\"calc(50% - 1px)\" cx=\"50%\" cy=\"50%\" stroke-width=\"2\"\/> <circle r=\"calc(50% - 1px)\" cx=\"50%\" cy=\"50%\" stroke=\"#e31c22\" stroke-width=\"2\" data-progress=\"100\" stroke-dasharray=\"0,10000\"\/> <\/svg> <i><svg><use href=\"#tf-fas-wind\"><\/use><\/svg><\/i> <h3> Ambiente \u2013 Instala\u00e7\u00e3o el\u00e9ctrica em sistema de tratamento de ar (Instala\u00e7\u00e3o el\u00e9trica de AVAC) <\/h3>\n<svg> <circle r=\"calc(50% - 1px)\" cx=\"50%\" cy=\"50%\" stroke-width=\"2\"\/> <circle r=\"calc(50% - 1px)\" cx=\"50%\" cy=\"50%\" stroke=\"#e31c22\" stroke-width=\"2\" data-progress=\"100\" stroke-dasharray=\"0,10000\"\/> <\/svg> <i><svg><use href=\"#tf-fas-luggage-cart\"><\/use><\/svg><\/i> <h3> Sistemas de Tratamento de Bagagens <\/h3>\n<svg> <circle r=\"calc(50% - 1px)\" cx=\"50%\" cy=\"50%\" stroke-width=\"2\"\/> <circle r=\"calc(50% - 1px)\" cx=\"50%\" cy=\"50%\" stroke=\"#e31c22\" stroke-width=\"2\" data-progress=\"100\" stroke-dasharray=\"0,10000\"\/> <\/svg> <i><svg><use href=\"#tf-fas-industry\"><\/use><\/svg><\/i> <h3> Sistemas Log\u00edsticos e Armaz\u00e9ns Autom\u00e1ticos <\/h3>\n<svg> <circle r=\"calc(50% - 1px)\" cx=\"50%\" cy=\"50%\" stroke-width=\"2\"\/> <circle r=\"calc(50% - 1px)\" cx=\"50%\" cy=\"50%\" stroke=\"#e31c22\" stroke-width=\"2\" data-progress=\"100\" stroke-dasharray=\"0,10000\"\/> <\/svg> <i><svg><use href=\"#tf-ti-panel\"><\/use><\/svg><\/i> <h3> Projeto e Montagem de Quadros el\u00e9ctricos (Pot\u00eancia, Comando e Controlo) <\/h3>\n<svg> <circle r=\"calc(50% - 1px)\" cx=\"50%\" cy=\"50%\" stroke-width=\"2\"\/> <circle r=\"calc(50% - 1px)\" cx=\"50%\" cy=\"50%\" stroke=\"#e31c22\" stroke-width=\"2\" data-progress=\"100\" stroke-dasharray=\"0,10000\"\/> <\/svg> <i><svg><use href=\"#tf-fas-bolt\"><\/use><\/svg><\/i> <h3> Eletricidade Geral <\/h3>\n<svg> <circle r=\"calc(50% - 1px)\" cx=\"50%\" cy=\"50%\" stroke-width=\"2\"\/> <circle r=\"calc(50% - 1px)\" cx=\"50%\" cy=\"50%\" stroke=\"#e31c22\" stroke-width=\"2\" data-progress=\"100\" stroke-dasharray=\"0,10000\"\/> <\/svg> <i><svg><use href=\"#tf-fas-charging-station\"><\/use><\/svg><\/i> <h3> Eletricidade Industrial <\/h3>\n<svg> <circle r=\"calc(50% - 1px)\" cx=\"50%\" cy=\"50%\" stroke-width=\"2\"\/> <circle r=\"calc(50% - 1px)\" cx=\"50%\" cy=\"50%\" stroke=\"#e31c22\" stroke-width=\"2\" data-progress=\"100\" stroke-dasharray=\"0,10000\"\/> <\/svg> <i><svg><use href=\"#tf-ti-panel\"><\/use><\/svg><\/i> <h3> Fabrico de Quadros El\u00e9ctricos <\/h3>\n<svg> <circle r=\"calc(50% - 1px)\" cx=\"50%\" cy=\"50%\" stroke-width=\"2\"\/> <circle r=\"calc(50% - 1px)\" cx=\"50%\" cy=\"50%\" stroke=\"#e31c22\" stroke-width=\"2\" data-progress=\"100\" stroke-dasharray=\"0,10000\"\/> <\/svg> <i><svg><use href=\"#tf-fas-plug\"><\/use><\/svg><\/i> <h3> Infraestruturas de distribui\u00e7\u00e3o de energia el\u00e9trica <\/h3>\n<svg> <circle r=\"calc(50% - 1px)\" cx=\"50%\" cy=\"50%\" stroke-width=\"2\"\/> <circle r=\"calc(50% - 1px)\" cx=\"50%\" cy=\"50%\" stroke=\"#e31c22\" stroke-width=\"2\" data-progress=\"100\" stroke-dasharray=\"0,10000\"\/> <\/svg> <i><svg><use href=\"#tf-fas-solar-panel\"><\/use><\/svg><\/i> <h3> Pain\u00e9is Solares Fotovoltaicos (Microgera\u00e7\u00e3o) <\/h3>\n<svg> <circle r=\"calc(50% - 1px)\" cx=\"50%\" cy=\"50%\" stroke-width=\"2\"\/> <circle r=\"calc(50% - 1px)\" cx=\"50%\" cy=\"50%\" stroke=\"#e31c22\" stroke-width=\"2\" data-progress=\"100\" stroke-dasharray=\"0,10000\"\/> <\/svg> <i><svg><use href=\"#tf-fas-exchange-alt\"><\/use><\/svg><\/i> <h3> Vias de Comunica\u00e7\u00e3o <\/h3>\n<svg> <circle r=\"calc(50% - 1px)\" cx=\"50%\" cy=\"50%\" stroke-width=\"2\"\/> <circle r=\"calc(50% - 1px)\" cx=\"50%\" cy=\"50%\" stroke=\"#e31c22\" stroke-width=\"2\" data-progress=\"100\" stroke-dasharray=\"0,10000\"\/> <\/svg> <i><svg><use href=\"#tf-fas-house-damage\"><\/use><\/svg><\/i> <h3> Comercializa\u00e7\u00e3o de material El\u00e9ctrico <\/h3>","_links":{"self":[{"href":"https:\/\/imerge.pt\/index.php?rest_route=\/wp\/v2\/pages\/283"}],"collection":[{"href":"https:\/\/imerge.pt\/index.php?rest_route=\/wp\/v2\/pages"}],"about":[{"href":"https:\/\/imerge.pt\/index.php?rest_route=\/wp\/v2\/types\/page"}],"author":[{"embeddable":true,"href":"https:\/\/imerge.pt\/index.php?rest_route=\/wp\/v2\/users\/1"}],"replies":[{"embeddable":true,"href":"https:\/\/imerge.pt\/index.php?rest_route=%2Fwp%2Fv2%2Fcomments&post=283"}],"version-history":[{"count":27,"href":"https:\/\/imerge.pt\/index.php?rest_route=\/wp\/v2\/pages\/283\/revisions"}],"predecessor-version":[{"id":468,"href":"https:\/\/imerge.pt\/index.php?rest_route=\/wp\/v2\/pages\/283\/revisions\/468"}],"wp:attachment":[{"href":"https:\/\/imerge.pt\/index.php?rest_route=%2Fwp%2Fv2%2Fmedia&parent=283"}],"curies":[{"name":"wp","href":"https:\/\/api.w.org\/{rel}","templated":true}]}}