{"id":505,"date":"2021-01-13T11:32:15","date_gmt":"2021-01-13T11:32:15","guid":{"rendered":"https:\/\/imerge.pt\/?page_id=505"},"modified":"2021-01-22T10:02:39","modified_gmt":"2021-01-22T10:02:39","slug":"sistemas-de-logistica-2","status":"publish","type":"page","link":"https:\/\/imerge.pt\/?page_id=505","title":{"rendered":"Sistemas de Log\u00edstica"},"content":{"rendered":"<!-- wp:themify-builder\/canvas \/--><!--themify_builder_static--><h1 style=\"text-align: center;\">Sistemas de Log\u00edstica<\/h1><p>\u00a0<\/p>\n<h2>Sistema de Tratamento de Bagagens (BHS)<\/h2> <ul> <li>Concep\u00e7\u00e3o e Fabrico de Quadros El\u00e9tricos de Sistema de Tratamento de Bagagens (BHS)<\/li> <li>Instala\u00e7\u00e3o de Sistema de Tratamento de Bagagens (BHS)<\/li> <\/ul> <h2>Obras de Refer\u00eancia<\/h2> <ul> <li>Aeroporto Internacional de Salvador da Bahia, Brasil <ul> <li>Concep\u00e7\u00e3o e Fabrico de Quadros El\u00e9tricos de Sistema de Tratamento de Bagagens (BHS)<\/li> <li>Instala\u00e7\u00e3o e Sistema de Tratamento de Bagagens (BHS)<\/li> <\/ul> <\/li> <li>Aeroporto Internacional de Tocumen, Panam\u00e1 <ul> <li>Instala\u00e7\u00e3o de Sistema de Tratamento de Bagagens (BHS)<\/li> <\/ul> <\/li> <li>Aeroporto Internacional de Bogot\u00e1, Col\u00f4mbia <ul> <li>Instala\u00e7\u00e3o de Sistema de Tratamento de Bagagens (BHS), HUB Coordinadora<\/li> <\/ul> <\/li> <li>Aeroporto Internacional de Florian\u00f3polis, Brasil <ul> <li>Instala\u00e7\u00e3o de Sistema de Tratamento de Bagagens (BHS)<\/li> <\/ul> <\/li> <\/ul>\n<div id='gallery-1' class='gallery galleryid-505 gallery-columns-3 gallery-size-thumbnail'><figure class='gallery-item'>\n\t\t\t<div class='gallery-icon portrait'>\n\t\t\t\t<a href='https:\/\/imerge.pt\/?attachment_id=526'><img width=\"150\" height=\"150\" src=\"https:\/\/imerge.pt\/wp-content\/uploads\/2021\/01\/7e1960b8-973a-4109-9826-af8a22588558-150x150.jpg\" class=\"attachment-thumbnail size-thumbnail\" alt=\"\" loading=\"lazy\" \/><\/a>\n\t\t\t<\/div><\/figure><figure class='gallery-item'>\n\t\t\t<div class='gallery-icon portrait'>\n\t\t\t\t<a href='https:\/\/imerge.pt\/?attachment_id=527'><img width=\"150\" height=\"150\" src=\"https:\/\/imerge.pt\/wp-content\/uploads\/2021\/01\/86e58e3c-072a-4c6d-ba78-249aa464d555-150x150.jpg\" class=\"attachment-thumbnail size-thumbnail\" alt=\"\" loading=\"lazy\" \/><\/a>\n\t\t\t<\/div><\/figure><figure class='gallery-item'>\n\t\t\t<div class='gallery-icon portrait'>\n\t\t\t\t<a href='https:\/\/imerge.pt\/?attachment_id=528'><img width=\"150\" height=\"150\" src=\"https:\/\/imerge.pt\/wp-content\/uploads\/2021\/01\/QE-C3_Frente-150x150.jpg\" class=\"attachment-thumbnail size-thumbnail\" alt=\"\" loading=\"lazy\" \/><\/a>\n\t\t\t<\/div><\/figure><figure class='gallery-item'>\n\t\t\t<div class='gallery-icon landscape'>\n\t\t\t\t<a href='https:\/\/imerge.pt\/?attachment_id=530'><img width=\"150\" height=\"150\" src=\"https:\/\/imerge.pt\/wp-content\/uploads\/2021\/01\/WhatsApp-Image-2020-03-03-at-14.10.01-3-150x150.jpeg\" class=\"attachment-thumbnail size-thumbnail\" alt=\"\" loading=\"lazy\" \/><\/a>\n\t\t\t<\/div><\/figure><figure class='gallery-item'>\n\t\t\t<div class='gallery-icon landscape'>\n\t\t\t\t<a href='https:\/\/imerge.pt\/?attachment_id=531'><img width=\"150\" height=\"150\" src=\"https:\/\/imerge.pt\/wp-content\/uploads\/2021\/01\/WhatsApp-Image-2020-03-03-at-14.13.04-10-150x150.jpeg\" class=\"attachment-thumbnail size-thumbnail\" alt=\"\" loading=\"lazy\" \/><\/a>\n\t\t\t<\/div><\/figure>\n\t\t<\/div>\n<!--\/themify_builder_static-->","protected":false},"excerpt":{"rendered":"<p>Sistemas de Log\u00edstica \u00a0 Sistema de Tratamento de Bagagens (BHS) Concep\u00e7\u00e3o e Fabrico de Quadros El\u00e9tricos de Sistema de Tratamento de Bagagens (BHS) Instala\u00e7\u00e3o de Sistema de Tratamento de Bagagens (BHS) Obras de Refer\u00eancia Aeroporto Internacional de Salvador da Bahia, Brasil Concep\u00e7\u00e3o e Fabrico de Quadros El\u00e9tricos de Sistema de Tratamento de Bagagens (BHS) Instala\u00e7\u00e3o [&hellip;]<\/p>\n","protected":false},"author":1,"featured_media":0,"parent":0,"menu_order":0,"comment_status":"closed","ping_status":"closed","template":"","meta":[],"builder_content":"<h1 style=\"text-align: center;\">Sistemas de Log\u00edstica<\/h1><p>\u00a0<\/p>\n<h2>Sistema de Tratamento de Bagagens (BHS)<\/h2> <ul> <li>Concep\u00e7\u00e3o e Fabrico de Quadros El\u00e9tricos de Sistema de Tratamento de Bagagens (BHS)<\/li> <li>Instala\u00e7\u00e3o de Sistema de Tratamento de Bagagens (BHS)<\/li> <\/ul> <h2>Obras de Refer\u00eancia<\/h2> <ul> <li>Aeroporto Internacional de Salvador da Bahia, Brasil <ul> <li>Concep\u00e7\u00e3o e Fabrico de Quadros El\u00e9tricos de Sistema de Tratamento de Bagagens (BHS)<\/li> <li>Instala\u00e7\u00e3o e Sistema de Tratamento de Bagagens (BHS)<\/li> <\/ul> <\/li> <li>Aeroporto Internacional de Tocumen, Panam\u00e1 <ul> <li>Instala\u00e7\u00e3o de Sistema de Tratamento de Bagagens (BHS)<\/li> <\/ul> <\/li> <li>Aeroporto Internacional de Bogot\u00e1, Col\u00f4mbia <ul> <li>Instala\u00e7\u00e3o de Sistema de Tratamento de Bagagens (BHS), HUB Coordinadora<\/li> <\/ul> <\/li> <li>Aeroporto Internacional de Florian\u00f3polis, Brasil <ul> <li>Instala\u00e7\u00e3o de Sistema de Tratamento de Bagagens (BHS)<\/li> <\/ul> <\/li> <\/ul>\n[gallery ids=\"526,527,528,530,531\"]","_links":{"self":[{"href":"https:\/\/imerge.pt\/index.php?rest_route=\/wp\/v2\/pages\/505"}],"collection":[{"href":"https:\/\/imerge.pt\/index.php?rest_route=\/wp\/v2\/pages"}],"about":[{"href":"https:\/\/imerge.pt\/index.php?rest_route=\/wp\/v2\/types\/page"}],"author":[{"embeddable":true,"href":"https:\/\/imerge.pt\/index.php?rest_route=\/wp\/v2\/users\/1"}],"replies":[{"embeddable":true,"href":"https:\/\/imerge.pt\/index.php?rest_route=%2Fwp%2Fv2%2Fcomments&post=505"}],"version-history":[{"count":5,"href":"https:\/\/imerge.pt\/index.php?rest_route=\/wp\/v2\/pages\/505\/revisions"}],"predecessor-version":[{"id":536,"href":"https:\/\/imerge.pt\/index.php?rest_route=\/wp\/v2\/pages\/505\/revisions\/536"}],"wp:attachment":[{"href":"https:\/\/imerge.pt\/index.php?rest_route=%2Fwp%2Fv2%2Fmedia&parent=505"}],"curies":[{"name":"wp","href":"https:\/\/api.w.org\/{rel}","templated":true}]}}